{"id":2,"date":"2012-08-16T12:56:23","date_gmt":"2012-08-16T12:56:23","guid":{"rendered":"http:\/\/tituscapulet.org\/weblog\/\/?page_id=2"},"modified":"2013-01-02T01:49:41","modified_gmt":"2013-01-02T00:49:41","slug":"about","status":"publish","type":"page","link":"https:\/\/tituscapulet.org\/blog\/about\/","title":{"rendered":"About this blog"},"content":{"rendered":"<p style=\"text-align: justify;\">Ce blog est 100 % libre, dans le sens o\u00f9 vous pouvez utiliser, r\u00e9f\u00e9rencer ou m\u00eame citer n&rsquo;importe quel billet publi\u00e9 ici pour votre utilisation personnelle et votre propre plaisir. N\u00e9anmoins, chaque citation de ce blog (qu&rsquo;elle soit identique \u00e0 l&rsquo;originale ou bien modifier) doit s&rsquo;accompagner d&rsquo;une mention de leur auteur, et aucun des textes publi\u00e9s ici ne doit faire l&rsquo;objet d&rsquo;une utilisation commerciale.<\/p>\n","protected":false},"excerpt":{"rendered":"<p>Ce blog est 100 % libre, dans le sens o\u00f9 vous pouvez utiliser, r\u00e9f\u00e9rencer ou m\u00eame citer n&rsquo;importe quel billet publi\u00e9 ici pour votre utilisation personnelle et votre propre plaisir. N\u00e9anmoins, chaque citation de ce blog (qu&rsquo;elle soit identique \u00e0 &hellip; <a href=\"https:\/\/tituscapulet.org\/blog\/about\/\">Continuer la lecture <span class=\"meta-nav\">&rarr;<\/span><\/a><\/p>\n","protected":false},"author":1,"featured_media":0,"parent":0,"menu_order":0,"comment_status":"open","ping_status":"open","template":"","meta":{"footnotes":""},"class_list":["post-2","page","type-page","status-publish","hentry"],"_links":{"self":[{"href":"https:\/\/tituscapulet.org\/blog\/wp-json\/wp\/v2\/pages\/2","targetHints":{"allow":["GET"]}}],"collection":[{"href":"https:\/\/tituscapulet.org\/blog\/wp-json\/wp\/v2\/pages"}],"about":[{"href":"https:\/\/tituscapulet.org\/blog\/wp-json\/wp\/v2\/types\/page"}],"author":[{"embeddable":true,"href":"https:\/\/tituscapulet.org\/blog\/wp-json\/wp\/v2\/users\/1"}],"replies":[{"embeddable":true,"href":"https:\/\/tituscapulet.org\/blog\/wp-json\/wp\/v2\/comments?post=2"}],"version-history":[{"count":11,"href":"https:\/\/tituscapulet.org\/blog\/wp-json\/wp\/v2\/pages\/2\/revisions"}],"predecessor-version":[{"id":377,"href":"https:\/\/tituscapulet.org\/blog\/wp-json\/wp\/v2\/pages\/2\/revisions\/377"}],"wp:attachment":[{"href":"https:\/\/tituscapulet.org\/blog\/wp-json\/wp\/v2\/media?parent=2"}],"curies":[{"name":"wp","href":"https:\/\/api.w.org\/{rel}","templated":true}]}}